



{"id":91,"date":"2020-04-07T09:34:14","date_gmt":"2020-04-07T09:34:14","guid":{"rendered":"https:\/\/ajp-mp.com\/termos-e-condicoes\/"},"modified":"2020-06-08T09:27:25","modified_gmt":"2020-06-08T09:27:25","slug":"conditions-generales","status":"publish","type":"page","link":"https:\/\/ajp-mp.com\/fr\/conditions-generales\/","title":{"rendered":"Conditions g\u00e9n\u00e9rales"},"content":{"rendered":"<p>La protection de votre vie priv\u00e9e est une priorit\u00e9 pour AJP Matos Pinheiro, Lda. Nous d\u00e9crivons ci-dessous comment nous utilisons les informations collect\u00e9es via notre site Web.<\/p>\n<p>Veuillez lire attentivement:<\/p>\n<p>QUELLES INFORMATIONS RECUEILLONS-NOUS DANS L&rsquo;ENTREPRISE?<\/p>\n<p><strong>1) Informations personnelles<\/strong><\/p>\n<p>Les informations personnelles collect\u00e9es par AJP Matos Pinheiro, Lda, sont toujours fournies volontairement par les utilisateurs de notre site Web, par exemple lors du remplissage d&rsquo;un formulaire ou de l&rsquo;inscription \u00e0 notre newsletter. Les informations collect\u00e9es peuvent varier en fonction de la situation et comprennent, entre autres donn\u00e9es, le nom, l&rsquo;adresse e-mail, l&rsquo;adresse et le num\u00e9ro de t\u00e9l\u00e9phone de l&rsquo;utilisateur.<\/p>\n<p>Les autres informations<\/p>\n<p>AJP Matos Pinheiro, Lda, recueille des informations anonymes lorsque les utilisateurs visitent le site Web. Ces informations peuvent inclure, \u00e0 titre d&rsquo;exemple, le type d&rsquo;appareil, le syst\u00e8me d&rsquo;exploitation et les navigateurs utilis\u00e9s pour acc\u00e9der au site, la situation g\u00e9ographique, la dur\u00e9e de la visite et le nombre de pages visit\u00e9es. Il n&rsquo;est pas possible de relier ces \u00e9l\u00e9ments \u00e0 des utilisateurs individuels.<\/p>\n<p><strong>2) QUE FAISONS-NOUS AVEC LES INFORMATIONS RECUEILLIES?<\/strong><\/p>\n<p>Toutes les informations collect\u00e9es par AJP Matos Pinheiro, Lda sont pour votre usage exclusif. AJP Matos Pinheiro, Lda s&rsquo;engage \u00e0 ne pas vendre, \u00e9changer, louer ou partager \u00e0 des tiers sans le consentement de l&rsquo;utilisateur, sauf si requis par d\u00e9cision de justice.<\/p>\n<p>Les informations collect\u00e9es sont organis\u00e9es en interne dans une base de donn\u00e9es et peuvent \u00eatre utilis\u00e9es pour:<\/p>\n<p>-Am\u00e9liorer nos services et produits;<\/p>\n<p>-Am\u00e9liorer le service de support client;<\/p>\n<p>&#8211; Envoyer des informations p\u00e9riodiques susceptibles d&rsquo;int\u00e9resser les utilisateurs;<\/p>\n<p>-Am\u00e9liorer le contenu de notre site Web<\/p>\n<p>&nbsp;<\/p>\n<p><strong>3) COOKIES<\/strong><\/p>\n<p>Que sont les cookies?<\/p>\n<p>Les cookies sont de petits fichiers plac\u00e9s sur les navigateurs des utilisateurs lorsqu&rsquo;ils visitent notre site Web. Les cookies collectent uniquement des informations anonymes, ne permettant pas d&rsquo;acc\u00e9der aux ordinateurs des utilisateurs ou \u00e0 toute information personnelle.<\/p>\n<p>Les cookies peuvent \u00eatre:<\/p>\n<p>&#8211; Cookies de session &#8211; Ils sont temporaires, restent dans le navigateur de l&rsquo;utilisateur jusqu&rsquo;\u00e0 ce qu&rsquo;il quitte le site Web et permettent \u00e0 AJP Matos Pinheiro, Lda d&rsquo;obtenir des informations statistiques sur le comportement des utilisateurs pendant la visite.<\/p>\n<p>&#8211; Cookies permanents &#8211; Ils sont stock\u00e9s dans le navigateur de l&rsquo;utilisateur jusqu&rsquo;\u00e0 ce qu&rsquo;ils soient supprim\u00e9s ou que leur dur\u00e9e expire et sont utilis\u00e9s chaque fois qu&rsquo;il effectue une nouvelle visite sur le site Web pour reconna\u00eetre l&rsquo;utilisateur.<\/p>\n<p>AJP Matos Pinheiro, Lda utilise:<\/p>\n<p>&#8211; Cookies analytiques &#8211; Ces cookies collectent des informations statistiques anonymes qui aident AJP Matos Pinheiro, Lda \u00e0 comprendre comment les utilisateurs utilisent le site Web.<\/p>\n<p>&#8211; Cookies de fonctionnalit\u00e9 &#8211; Nous utilisons des cookies de fonctionnalit\u00e9 pour stocker les informations fournies par l&rsquo;utilisateur (par exemple lors de l&rsquo;insertion de donn\u00e9es dans des formulaires, pour \u00e9viter qu&rsquo;elles ne soient soumises \u00e0 chaque fois que l&rsquo;utilisateur souhaite effectuer certaines actions.)<\/p>\n<p>&#8211; Cookies publicitaires &#8211; Ils sont utilis\u00e9s pour mesurer l&rsquo;efficacit\u00e9 de notre publicit\u00e9 et nous aider \u00e0 prendre des d\u00e9cisions sur la fa\u00e7on de l&rsquo;optimiser en fonction des pr\u00e9f\u00e9rences et des comportements des utilisateurs.<\/p>\n<p><strong>4) LIENS VERS DES SITES TIERS<\/strong><\/p>\n<p>Ce site Web, \u00e0 savoir le blog, peut contenir des liens vers d&rsquo;autres sites d&rsquo;int\u00e9r\u00eat. AJP Matos Pinheiro, Lda n&rsquo;a aucun moyen de contr\u00f4ler la fa\u00e7on dont ces sites collectent et traitent les informations de ses utilisateurs.<\/p>\n<p><strong>5) S\u00c9CURIT\u00c9 DES INFORMATIONS RECUEILLIES<\/strong><\/p>\n<p>AJP Matos Pinheiro, Lda prend les mesures appropri\u00e9es dans la collecte, le stockage et le traitement des informations et prend toutes les pr\u00e9cautions techniques et organisationnelles jug\u00e9es n\u00e9cessaires pour emp\u00eacher l&rsquo;acc\u00e8s non autoris\u00e9 aux informations fournies par nos utilisateurs, y compris l&rsquo;h\u00e9bergement sur les serveurs et le cryptage des communications gr\u00e2ce \u00e0 la technologie SSL.<\/p>\n<p><strong>6) MODIFICATIONS DE LA POLITIQUE DE CONFIDENTIALIT\u00c9 ET DES COOKIES<\/strong><\/p>\n<p>AJP Matos Pinheiro, Lda, se r\u00e9serve le droit d&rsquo;apporter des modifications \u00e0 notre politique de confidentialit\u00e9 et de cookies, afin qu&rsquo;il puisse en informer les utilisateurs par e-mail dans ce cas et recommande de visiter cette page.<\/p>\n<p><strong>7) CONSENTEMENT<\/strong><\/p>\n<p>L&rsquo;utilisation de ce site Web implique l&rsquo;acceptation de sa politique de confidentialit\u00e9 et de cookies. Si vous avez des questions sur notre politique de confidentialit\u00e9, veuillez contacter AJP Matos Pinheiro, Lda par lettre ou par e-mail.<\/p>\n<p><strong>8) VOS DROITS EN TANT QUE TITULAI<\/strong><strong>RE DE DONN\u00c9ES PERSONNELLES EN VERTU DU RGPD (R\u00e8glement G\u00e9n\u00e9ral sur la Protection des Donn\u00e9es)<\/strong><\/p>\n<p>Aux termes du RGPD, en tant qu&rsquo;utilisateur de ce site Web et d\u00e9tenteur de donn\u00e9es personnelles soumises au traitement par AJP Matos Pinheiro, Lda., Vous disposez des droits suivants, \u00e0 exercer conform\u00e9ment aux termes du RGPD et d&rsquo;autres lois applicables sur les donn\u00e9es personnelles:<\/p>\n<p>Le droit d&rsquo;acc\u00e8s \u00e0 vos donn\u00e9es personnelles;<br \/>\nLe droit de rectifier vos donn\u00e9es personnelles;<br \/>\nLe droit d&rsquo;effacer vos donn\u00e9es personnelles;<br \/>\nLe droit de limiter le traitement de vos donn\u00e9es personnelles;<br \/>\nLe droit \u00e0 la portabilit\u00e9 des donn\u00e9es personnelles fournies par vous;<br \/>\nLe droit de vous opposer \u00e0 un traitement sp\u00e9cifique des donn\u00e9es personnelles vous concernant;<\/p>\n<p>AJP Matos Pinheiro, Lda. Mettra en \u0153uvre tous les efforts jug\u00e9s appropri\u00e9s en vertu de la l\u00e9gislation applicable afin de fournir, corriger ou supprimer vos donn\u00e9es personnelles qui sont soumises \u00e0 un traitement par AJP Matos Pinheiro, Lda.<\/p>\n<p>Pour l&rsquo;exercice de ces droits, en tant que d\u00e9tenteur des donn\u00e9es personnelles en question, vous pouvez contacter AJP Matos Pinheiro, Lda via l&rsquo;adresse e-mail ou l&rsquo;adresse e-mail.<\/p>\n<p>Lorsque le traitement est bas\u00e9 sur votre consentement, l&rsquo;utilisateur a le droit de retirer son consentement \u00e0 tout moment, sans compromettre la l\u00e9galit\u00e9 du traitement accord\u00e9 par AJP Matos Pinheiro, Lda. \u00c0 ses donn\u00e9es personnelles sur la base du consentement donn\u00e9 pr\u00e9c\u00e9demment.<\/p>\n<p>L&rsquo;utilisateur a \u00e9galement, dans tous les cas, le droit de d\u00e9poser une plainte aupr\u00e8s d&rsquo;une autorit\u00e9 de contr\u00f4le, dont le r\u00f4le, au Portugal, est de la responsabilit\u00e9 de la Commission nationale de la protection des donn\u00e9es, dont le si\u00e8ge est \u00e0 Rua de S\u00e3o Bento, n\u00ba 148, 3\u00ba, 1200 -821 Lisbonne, Portugal.<\/p>\n<p>Dans le cadre des conditions d&rsquo;utilisation de ce site et de l&rsquo;ensemble de ses services, l&rsquo;utilisateur s&rsquo;engage \u00e0 fournir et \u00e0 maintenir \u00e0 jour et fid\u00e8les toutes ses donn\u00e9es personnelles. \u00c0 son tour, AJP Matos Pinheiro, Lda garantit \u00e0 l&rsquo;utilisateur la possibilit\u00e9 de corriger et de mettre \u00e0 jour ses donn\u00e9es, de pr\u00e9f\u00e9rence, par les moyens d\u00e9j\u00e0 mentionn\u00e9s ci-dessus.<\/p>\n<p><strong>9) ENTIT\u00c9 RESPONSABLE<\/strong><\/p>\n<p>AJP Matos Pinheiro, Lda<\/p>\n<p>10) CONTACTS<\/p>\n<p>Courriel: geral@ajp-mp.com<\/p>\n<p>T\u00e9l: 255176142<\/p>\n<p>Adresse: Rua Dr. Francisco S\u00e1 Carneiro, n\u00ba 69, 4600-073 Amarante<\/p>\n<p>&nbsp;<\/p>\n","protected":false},"excerpt":{"rendered":"<p>La protection de votre vie priv\u00e9e est une priorit\u00e9 pour AJP Matos Pinheiro, Lda. Nous d\u00e9crivons ci-dessous comment nous utilisons les informations collect\u00e9es via notre site Web. Veuillez lire attentivement: QUELLES INFORMATIONS RECUEILLONS-NOUS DANS L&rsquo;ENTREPRISE? 1) Informations personnelles Les informations personnelles collect\u00e9es par AJP Matos Pinheiro, Lda, sont toujours fournies volontairement par les utilisateurs de [&hellip;]<\/p>\n","protected":false},"author":1,"featured_media":0,"parent":0,"menu_order":40,"comment_status":"closed","ping_status":"closed","template":"","meta":{"footnotes":""},"_links":{"self":[{"href":"https:\/\/ajp-mp.com\/fr\/wp-json\/wp\/v2\/pages\/91\/"}],"collection":[{"href":"https:\/\/ajp-mp.com\/fr\/wp-json\/wp\/v2\/pages\/"}],"about":[{"href":"https:\/\/ajp-mp.com\/fr\/wp-json\/wp\/v2\/types\/page\/"}],"author":[{"embeddable":true,"href":"https:\/\/ajp-mp.com\/fr\/wp-json\/wp\/v2\/users\/1\/"}],"replies":[{"embeddable":true,"href":"https:\/\/ajp-mp.com\/fr\/wp-json\/wp\/v2\/comments\/?post=91"}],"version-history":[{"count":4,"href":"https:\/\/ajp-mp.com\/fr\/wp-json\/wp\/v2\/pages\/91\/revisions\/"}],"predecessor-version":[{"id":703,"href":"https:\/\/ajp-mp.com\/fr\/wp-json\/wp\/v2\/pages\/91\/revisions\/703\/"}],"wp:attachment":[{"href":"https:\/\/ajp-mp.com\/fr\/wp-json\/wp\/v2\/media\/?parent=91"}],"curies":[{"name":"wp","href":"https:\/\/api.w.org\/{rel}","templated":true}]}}