



{"id":71,"date":"2020-04-06T15:19:20","date_gmt":"2020-04-06T15:19:20","guid":{"rendered":"https:\/\/ajp-mp.com\/empresa\/"},"modified":"2020-05-26T11:34:17","modified_gmt":"2020-05-26T11:34:17","slug":"entreprise","status":"publish","type":"page","link":"https:\/\/ajp-mp.com\/fr\/entreprise\/","title":{"rendered":"Entreprise"},"content":{"rendered":"<p>L\u2019exp\u00e9rience du pass\u00e9 associ\u00e9e au pr\u00e9sent pour construire l\u2019avenir<\/p>\n","protected":false},"excerpt":{"rendered":"<p>L\u2019exp\u00e9rience du pass\u00e9 associ\u00e9e au pr\u00e9sent pour construire l\u2019avenir<\/p>\n","protected":false},"author":1,"featured_media":355,"parent":0,"menu_order":20,"comment_status":"closed","ping_status":"closed","template":"templates\/empresa.php","meta":{"footnotes":""},"_links":{"self":[{"href":"https:\/\/ajp-mp.com\/fr\/wp-json\/wp\/v2\/pages\/71\/"}],"collection":[{"href":"https:\/\/ajp-mp.com\/fr\/wp-json\/wp\/v2\/pages\/"}],"about":[{"href":"https:\/\/ajp-mp.com\/fr\/wp-json\/wp\/v2\/types\/page\/"}],"author":[{"embeddable":true,"href":"https:\/\/ajp-mp.com\/fr\/wp-json\/wp\/v2\/users\/1\/"}],"replies":[{"embeddable":true,"href":"https:\/\/ajp-mp.com\/fr\/wp-json\/wp\/v2\/comments\/?post=71"}],"version-history":[{"count":3,"href":"https:\/\/ajp-mp.com\/fr\/wp-json\/wp\/v2\/pages\/71\/revisions\/"}],"predecessor-version":[{"id":499,"href":"https:\/\/ajp-mp.com\/fr\/wp-json\/wp\/v2\/pages\/71\/revisions\/499\/"}],"wp:featuredmedia":[{"embeddable":true,"href":"https:\/\/ajp-mp.com\/fr\/wp-json\/wp\/v2\/media\/355\/"}],"wp:attachment":[{"href":"https:\/\/ajp-mp.com\/fr\/wp-json\/wp\/v2\/media\/?parent=71"}],"curies":[{"name":"wp","href":"https:\/\/api.w.org\/{rel}","templated":true}]}}