



{"id":682,"date":"2020-06-08T08:31:33","date_gmt":"2020-06-08T08:31:33","guid":{"rendered":"https:\/\/ajp-mp.com\/?page_id=682"},"modified":"2020-06-08T08:42:13","modified_gmt":"2020-06-08T08:42:13","slug":"resolution-de-litiges","status":"publish","type":"page","link":"https:\/\/ajp-mp.com\/fr\/resolution-de-litiges\/","title":{"rendered":"R\u00e9solution de litiges"},"content":{"rendered":"<p style=\"text-align: center;\"><strong>AVIS AU CONSOMMATEUR<\/strong><\/p>\n<p>Conform\u00e9ment \u00e0 la loi n \u00b0 1444\/2015 du 8 septembre 2015, nous avons communiqu\u00e9 toutes les Entit\u00e9s de r\u00e8glement extrajudiciaire des litiges \u00e0 contacter en cas de conflit lors de l&rsquo;achat d&rsquo;un produit ou service r\u00e9f\u00e9renc\u00e9 sur ce site.<\/p>\n<p>Il convient de noter que, lorsque cela est n\u00e9cessaire, cette solution par rapport au processus judiciaire est g\u00e9n\u00e9ralement plus rapide, moins protocolaire et moins co\u00fbteuse.<\/p>\n<p>Ainsi, si vous n&rsquo;\u00eates pas satisfait et avez l&rsquo;intention d&rsquo;exposer votre situation, vous pouvez le faire en contactant une entit\u00e9 de r\u00e8glement alternatif des litiges.<\/p>\n<p><strong>CNIACC &#8211; Centre national d&rsquo;information et d&rsquo;arbitrage sur les conflits avec les consommateurs<\/strong><\/p>\n<p>www.arbitragemdeconsumo.org<\/p>\n<p><strong>CIMAAL &#8211; Centre d&rsquo;information, de m\u00e9diation et d&rsquo;arbitrage des conflits de consommation en Algarve<\/strong><\/p>\n<p>www.consumidoronline.pt<\/p>\n<p><strong>CACCDC &#8211; Centre d&rsquo;arbitrage des conflits de consommation dans le district de Coimbra<\/strong><\/p>\n<p>www.centrodearbitragemdecoimbra.com<\/p>\n<p><strong>CIMPAS &#8211; Centre d&rsquo;information sur les assurances, de m\u00e9diation et d&rsquo;ombudsman<\/strong><\/p>\n<p>www.cimpas.pt<\/p>\n<p>Plus d&rsquo;informations sur Consumer Portal &#8211; www.consumidor.pt<\/p>\n<p><strong>CACCL &#8211; Centre d&rsquo;arbitrage de Lisbonne pour les conflits de consommation<\/strong><\/p>\n<p>www.centroarbitragemlisboa.pt<\/p>\n<p><strong>CICAP &#8211; Centre d&rsquo;information des consommateurs et d&rsquo;arbitrage de Porto<\/strong><\/p>\n<p>www.cicap.pt<\/p>\n<p><strong>CIAB &#8211; Centre d&rsquo;information, de m\u00e9diation et d&rsquo;arbitrage des consommateurs (Consumer Arbitral Tribunal)<\/strong><\/p>\n<p>www.ciab.pt<\/p>\n<p><strong>CACCDC &#8211; Centre d&rsquo;arbitrage des conflits de consommation dans le district de Coimbra<\/strong><\/p>\n<p>www.centrodearbitragemdecoimbra.com<\/p>\n<p><strong>CACC-RAM &#8211; Centre d&rsquo;arbitrage des conflits avec les consommateurs RAM<\/strong><\/p>\n<p>https:\/\/www.madeira.gov.pt\/cacc\/<\/p>\n<p><strong>CASA &#8211; Centre d&rsquo;arbitrage du secteur automobile<\/strong><\/p>\n<p>www.arbitragemauto.pt<\/p>\n","protected":false},"excerpt":{"rendered":"<p>AVIS AU CONSOMMATEUR Conform\u00e9ment \u00e0 la loi n \u00b0 1444\/2015 du 8 septembre 2015, nous avons communiqu\u00e9 toutes les Entit\u00e9s de r\u00e8glement extrajudiciaire des litiges \u00e0 contacter en cas de conflit lors de l&rsquo;achat d&rsquo;un produit ou service r\u00e9f\u00e9renc\u00e9 sur ce site. Il convient de noter que, lorsque cela est n\u00e9cessaire, cette solution par rapport [&hellip;]<\/p>\n","protected":false},"author":1,"featured_media":0,"parent":0,"menu_order":3,"comment_status":"closed","ping_status":"closed","template":"","meta":{"footnotes":""},"_links":{"self":[{"href":"https:\/\/ajp-mp.com\/fr\/wp-json\/wp\/v2\/pages\/682\/"}],"collection":[{"href":"https:\/\/ajp-mp.com\/fr\/wp-json\/wp\/v2\/pages\/"}],"about":[{"href":"https:\/\/ajp-mp.com\/fr\/wp-json\/wp\/v2\/types\/page\/"}],"author":[{"embeddable":true,"href":"https:\/\/ajp-mp.com\/fr\/wp-json\/wp\/v2\/users\/1\/"}],"replies":[{"embeddable":true,"href":"https:\/\/ajp-mp.com\/fr\/wp-json\/wp\/v2\/comments\/?post=682"}],"version-history":[{"count":5,"href":"https:\/\/ajp-mp.com\/fr\/wp-json\/wp\/v2\/pages\/682\/revisions\/"}],"predecessor-version":[{"id":694,"href":"https:\/\/ajp-mp.com\/fr\/wp-json\/wp\/v2\/pages\/682\/revisions\/694\/"}],"wp:attachment":[{"href":"https:\/\/ajp-mp.com\/fr\/wp-json\/wp\/v2\/media\/?parent=682"}],"curies":[{"name":"wp","href":"https:\/\/api.w.org\/{rel}","templated":true}]}}