



{"id":688,"date":"2020-06-08T08:32:24","date_gmt":"2020-06-08T08:32:24","guid":{"rendered":"https:\/\/ajp-mp.com\/?page_id=688"},"modified":"2020-06-08T09:38:16","modified_gmt":"2020-06-08T09:38:16","slug":"resolucion-de-controversias","status":"publish","type":"page","link":"https:\/\/ajp-mp.com\/es\/resolucion-de-controversias\/","title":{"rendered":"Resoluci\u00f3n de controversias"},"content":{"rendered":"<p style=\"text-align: center;\"><strong>AVISO AL CONSUMIDOR<\/strong><\/p>\n<p>De conformidad con la Ley N \u00b0 1444\/2015, de 8 de septiembre de 2015, hemos revelado todas las Entidades para la Resoluci\u00f3n Alternativa de Disputas que se pueden contactar en caso de conflicto, al comprar un producto o servicio al que se hace referencia en este sitio web.<\/p>\n<p>Cabe se\u00f1alar que, cuando es necesario, esta soluci\u00f3n en comparaci\u00f3n con el proceso judicial suele ser m\u00e1s r\u00e1pida, menos protocolo y menos costosa.<\/p>\n<p>Por lo tanto, si no est\u00e1 satisfecho y tiene la intenci\u00f3n de exponer su situaci\u00f3n, puede hacerlo comunic\u00e1ndose con una Entidad alternativa de resoluci\u00f3n de disputas.<\/p>\n<p><strong>CNIACC &#8211; Centro Nacional de Informaci\u00f3n y Arbitraje de Conflictos del Consumidor<\/strong><\/p>\n<p>www.arbitragemdeconsumo.org<\/p>\n<p><strong>CIMAAL &#8211; Centro de informaci\u00f3n, mediaci\u00f3n y arbitraje de conflictos de consumidores en el Algarve<\/strong><\/p>\n<p>www.consumidoronline.pt<\/p>\n<p><strong>CACCDC &#8211; Centro de Arbitraje de Conflictos del Consumidor en el Distrito de Coimbra<\/strong><\/p>\n<p>www.centrodearbitragemdecoimbra.com<\/p>\n<p><strong>CIMPAS &#8211; Centro de Informaci\u00f3n, Mediaci\u00f3n y Defensor del Pueblo de Seguros<\/strong><\/p>\n<p>www.cimpas.pt<\/p>\n<p>M\u00e1s informaci\u00f3n en el Portal del Consumidor &#8211; www.consumidor.pt<\/p>\n<p><strong>CACCL &#8211; Centro de Arbitraje de Lisboa para conflictos del consumidor<\/strong><\/p>\n<p>www.centroarbitragemlisboa.pt<\/p>\n<p><strong>CICAP &#8211; Centro de informaci\u00f3n de arbitraje y consumo de Oporto<\/strong><\/p>\n<p>www.cicap.pt<\/p>\n<p><strong>CIAB &#8211; Centro de Informaci\u00f3n, Mediaci\u00f3n y Arbitraje del Consumidor (Tribunal Arbitral del Consumidor)<\/strong><\/p>\n<p>www.ciab.pt<\/p>\n<p><strong>CACCDC &#8211; Centro de Arbitraje de Conflictos del Consumidor en el Distrito de Coimbra<\/strong><\/p>\n<p>www.centrodearbitragemdecoimbra.com<\/p>\n<p><strong>CACC-RAM &#8211; Centro de arbitraje de conflictos de consumidores RAM<\/strong><\/p>\n<p>https:\/\/www.madeira.gov.pt\/cacc\/<\/p>\n<p><strong>CASA &#8211; Centro de Arbitraje del Sector Automotriz<\/strong><\/p>\n<p>www.arbitragemauto.pt<\/p>\n","protected":false},"excerpt":{"rendered":"<p>AVISO AL CONSUMIDOR De conformidad con la Ley N \u00b0 1444\/2015, de 8 de septiembre de 2015, hemos revelado todas las Entidades para la Resoluci\u00f3n Alternativa de Disputas que se pueden contactar en caso de conflicto, al comprar un producto o servicio al que se hace referencia en este sitio web. Cabe se\u00f1alar que, cuando [&hellip;]<\/p>\n","protected":false},"author":1,"featured_media":0,"parent":0,"menu_order":3,"comment_status":"closed","ping_status":"closed","template":"","meta":{"footnotes":""},"_links":{"self":[{"href":"https:\/\/ajp-mp.com\/es\/wp-json\/wp\/v2\/pages\/688\/"}],"collection":[{"href":"https:\/\/ajp-mp.com\/es\/wp-json\/wp\/v2\/pages\/"}],"about":[{"href":"https:\/\/ajp-mp.com\/es\/wp-json\/wp\/v2\/types\/page\/"}],"author":[{"embeddable":true,"href":"https:\/\/ajp-mp.com\/es\/wp-json\/wp\/v2\/users\/1\/"}],"replies":[{"embeddable":true,"href":"https:\/\/ajp-mp.com\/es\/wp-json\/wp\/v2\/comments\/?post=688"}],"version-history":[{"count":4,"href":"https:\/\/ajp-mp.com\/es\/wp-json\/wp\/v2\/pages\/688\/revisions\/"}],"predecessor-version":[{"id":712,"href":"https:\/\/ajp-mp.com\/es\/wp-json\/wp\/v2\/pages\/688\/revisions\/712\/"}],"wp:attachment":[{"href":"https:\/\/ajp-mp.com\/es\/wp-json\/wp\/v2\/media\/?parent=688"}],"curies":[{"name":"wp","href":"https:\/\/api.w.org\/{rel}","templated":true}]}}