



{"id":674,"date":"2020-04-07T09:34:14","date_gmt":"2020-04-07T09:34:14","guid":{"rendered":"https:\/\/ajp-mp.com\/termos-condicoes\/"},"modified":"2020-06-08T09:42:41","modified_gmt":"2020-06-08T09:42:41","slug":"terminos-y-condiciones","status":"publish","type":"page","link":"https:\/\/ajp-mp.com\/es\/terminos-y-condiciones\/","title":{"rendered":"T\u00e9rminos y Condiciones"},"content":{"rendered":"<p>La protecci\u00f3n de su privacidad es una prioridad para AJP Matos Pinheiro, Lda. Describimos a continuaci\u00f3n c\u00f3mo utilizamos la informaci\u00f3n recopilada a trav\u00e9s de nuestro sitio web.<\/p>\n<p>Por favor lea cuidadosamente:<\/p>\n<p>\u00bfQU\u00c9 INFORMACI\u00d3N RECOPILAMOS EN LA EMPRESA?<\/p>\n<p><strong>1) informaci\u00f3n personal<\/strong><\/p>\n<p>La informaci\u00f3n personal recopilada por AJP Matos Pinheiro, Lda, siempre es proporcionada voluntariamente por los usuarios de nuestro sitio web, por ejemplo, al completar un formulario o suscribirse a nuestro bolet\u00edn. La informaci\u00f3n recopilada puede variar seg\u00fan la situaci\u00f3n e incluir, entre otros datos, el nombre del usuario, correo electr\u00f3nico, direcci\u00f3n y n\u00famero de tel\u00e9fono.<\/p>\n<p>Otras informaciones<\/p>\n<p>AJP Matos Pinheiro, Lda, recopila informaci\u00f3n an\u00f3nima cuando los usuarios visitan el sitio web. Esta informaci\u00f3n puede incluir, a modo de ejemplo, el tipo de dispositivo, sistema operativo y navegadores utilizados para acceder al sitio, ubicaci\u00f3n geogr\u00e1fica, duraci\u00f3n de la visita y n\u00famero de p\u00e1ginas visitadas. No es posible relacionar estos elementos con usuarios individuales.<\/p>\n<p><strong>2) \u00bfQU\u00c9 HACEMOS CON LA INFORMACI\u00d3N RECOPILADA?<\/strong><\/p>\n<p>Toda la informaci\u00f3n recopilada por AJP Matos Pinheiro, Lda es para su uso exclusivo. AJP Matos Pinheiro, Lda se compromete a no vender, intercambiar, alquilar o compartir a terceros sin el consentimiento del usuario, a menos que as\u00ed lo requiera una decisi\u00f3n judicial.<\/p>\n<p>La informaci\u00f3n recopilada se organiza internamente en una base de datos y se puede utilizar para:<\/p>\n<p>-Mejorar nuestros servicios y productos;<\/p>\n<p>-Mejorar el servicio de atenci\u00f3n al cliente;<\/p>\n<p>&#8211; Enviar informaci\u00f3n peri\u00f3dica que pueda ser de inter\u00e9s para los usuarios;<\/p>\n<p>-Mejorar los contenidos de nuestro sitio web<\/p>\n<p><strong>3) COOKIES<\/strong><\/p>\n<p>\u00bfQu\u00e9 son las cookies?<\/p>\n<p>Las cookies son peque\u00f1os archivos colocados en los navegadores de los usuarios cuando visitan nuestro sitio web. Las cookies solo recopilan informaci\u00f3n an\u00f3nima, sin permitir el acceso a las computadoras de los usuarios ni a ninguna informaci\u00f3n personal.<\/p>\n<p>Las cookies pueden ser:<\/p>\n<p>&#8211; Cookies de sesi\u00f3n: son temporales, permanecen en el navegador del usuario hasta que abandona el sitio web y permiten que AJP Matos Pinheiro, Lda obtenga informaci\u00f3n estad\u00edstica sobre el comportamiento de los usuarios durante la visita.<\/p>\n<p>&#8211; Cookies permanentes: se almacenan en el navegador del usuario hasta que se eliminan o caduca su plazo y se utilizan cada vez que realiza una nueva visita al sitio web para reconocer al usuario.<\/p>\n<p>AJP Matos Pinheiro, Lda utiliza:<\/p>\n<p>&#8211; Cookies anal\u00edticas: estas cookies recopilan informaci\u00f3n estad\u00edstica an\u00f3nima que ayuda a AJP Matos Pinheiro, Lda a comprender c\u00f3mo los usuarios usan el sitio web.<\/p>\n<p>&#8211; Cookies de funcionalidad: utilizamos cookies de funcionalidad para almacenar informaci\u00f3n proporcionada por el usuario (por ejemplo, al insertar datos en formularios, para evitar que tenga que enviarse cada vez que el usuario desea realizar ciertas acciones).<\/p>\n<p>&#8211; Cookies publicitarias: se utilizan para medir la efectividad de nuestra publicidad y nos ayudan a tomar decisiones sobre c\u00f3mo optimizarla de acuerdo con las preferencias y comportamientos de los usuarios.<\/p>\n<p><strong>4) ENLACES A SITIOS DE TERCEROS<\/strong><\/p>\n<p>Este sitio web, es decir, el blog, puede contener enlaces a otros sitios de inter\u00e9s. AJP Matos Pinheiro, Lda no tiene forma de controlar c\u00f3mo estos sitios recopilan y tratan la informaci\u00f3n de sus usuarios.<\/p>\n<p><strong>5) SEGURIDAD DE LA INFORMACI\u00d3N RECOPILADA<\/strong><\/p>\n<p>AJP Matos Pinheiro, Lda toma las medidas apropiadas en la recopilaci\u00f3n, almacenamiento y procesamiento de informaci\u00f3n y toma todas las precauciones t\u00e9cnicas y organizativas que se consideren necesarias para evitar el acceso no autorizado a la informaci\u00f3n proporcionada por nuestros usuarios, incluido el alojamiento en servidores y el cifrado de comunicaciones. a trav\u00e9s de la tecnolog\u00eda SSL.<\/p>\n<p><strong>6) CAMBIOS EN LA POL\u00cdTICA DE PRIVACIDAD Y COOKIES<\/strong><\/p>\n<p>AJP Matos Pinheiro, Lda, se reserva el derecho de realizar cambios en nuestra pol\u00edtica de privacidad y cookies, por lo que puede notificar a los usuarios por correo electr\u00f3nico en ese caso y recomienda visitar esta p\u00e1gina.<\/p>\n<p><strong>7) CONSENTIMIENTO<\/strong><\/p>\n<p>El uso de este sitio web implica la aceptaci\u00f3n de su pol\u00edtica de privacidad y cookies. Si tiene preguntas sobre nuestra pol\u00edtica de privacidad, comun\u00edquese con AJP Matos Pinheiro, Lda por carta o correo electr\u00f3nico.<\/p>\n<p><strong>8) SUS DERECHOS COMO TITULAR DE DATOS PERSONALES BAJO EL RGPD (Reglamento General de Protecci\u00f3n de Datos)<\/strong><\/p>\n<p>Seg\u00fan los t\u00e9rminos del RGPD, como usuario de este sitio web y titular de datos personales sujetos a tratamiento por parte de AJP Matos Pinheiro, Lda., Usted tiene los siguientes derechos, que se ejercer\u00e1n seg\u00fan los t\u00e9rminos del RGPD y otra legislaci\u00f3n de datos personales aplicable:<\/p>\n<ul>\n<li>El derecho de acceso a sus datos personales;<\/li>\n<li>El derecho a rectificar sus datos personales;<\/li>\n<li>El derecho a borrar sus datos personales<\/li>\n<li>El derecho a limitar el procesamiento de sus datos personales;<\/li>\n<li>El derecho a la portabilidad de los datos personales proporcionados por usted;<\/li>\n<li>El derecho a oponerse a un procesamiento espec\u00edfico de los datos personales que le conciernen;<\/li>\n<\/ul>\n<p>AJP Matos Pinheiro, Lda. Har\u00e1 todos los esfuerzos que se consideren apropiados seg\u00fan los t\u00e9rminos de la legislaci\u00f3n aplicable para proporcionar, corregir o eliminar sus datos personales que est\u00e1n sujetos a tratamiento por parte de AJP Matos Pinheiro, Lda.<\/p>\n<p>Para el ejercicio de estos derechos, como titular de los datos personales en cuesti\u00f3n, puede comunicarse con AJP Matos Pinheiro, Lda. A trav\u00e9s de la direcci\u00f3n de correo electr\u00f3nico o la direcci\u00f3n de correo electr\u00f3nico.<\/p>\n<p>Cuando el tratamiento se basa en su consentimiento, el usuario tiene derecho a retirar su consentimiento en cualquier momento, sin comprometer la legalidad del tratamiento brindado por AJP Matos Pinheiro, Lda. A sus datos personales basados \u200b\u200ben el consentimiento otorgado previamente.<\/p>\n<p>El usuario tambi\u00e9n tiene, en cualquier caso, el derecho de presentar una queja ante una autoridad supervisora, cuya funci\u00f3n, en Portugal, es responsabilidad de la Comisi\u00f3n Nacional de Protecci\u00f3n de Datos, con sede en Rua de S\u00e3o Bento, n\u00ba 148, 3\u00ba, 1200 -821 Lisboa, Portugal.<\/p>\n<p>Dentro del alcance de las condiciones de uso de este sitio web y todos sus servicios, el usuario se compromete a proporcionar y mantener actualizados y verdaderos todos sus datos personales. A su vez, AJP Matos Pinheiro, Lda garantiza al usuario la posibilidad de corregir y actualizar sus datos, preferiblemente, a trav\u00e9s de los medios ya mencionados anteriormente.<\/p>\n<p><strong>9) ENTIDAD RESPONSABLE<\/strong><\/p>\n<p>AJP Matos Pinheiro, Lda<\/p>\n<p><strong>10) CONTACTOS<\/strong><\/p>\n<p><strong>Correo electr\u00f3nico<\/strong>: geral@ajp-mp.com<\/p>\n<p><strong>Tel\u00e9fono:<\/strong> 255176142<\/p>\n<p><strong>Direcci\u00f3n:<\/strong> Rua Dr. Francisco S\u00e1 Carneiro, n\u00ba 69, 4600-073 Amarante<\/p>\n","protected":false},"excerpt":{"rendered":"<p>La protecci\u00f3n de su privacidad es una prioridad para AJP Matos Pinheiro, Lda. Describimos a continuaci\u00f3n c\u00f3mo utilizamos la informaci\u00f3n recopilada a trav\u00e9s de nuestro sitio web. Por favor lea cuidadosamente: \u00bfQU\u00c9 INFORMACI\u00d3N RECOPILAMOS EN LA EMPRESA? 1) informaci\u00f3n personal La informaci\u00f3n personal recopilada por AJP Matos Pinheiro, Lda, siempre es proporcionada voluntariamente por los [&hellip;]<\/p>\n","protected":false},"author":1,"featured_media":0,"parent":0,"menu_order":40,"comment_status":"closed","ping_status":"closed","template":"","meta":{"footnotes":""},"_links":{"self":[{"href":"https:\/\/ajp-mp.com\/es\/wp-json\/wp\/v2\/pages\/674\/"}],"collection":[{"href":"https:\/\/ajp-mp.com\/es\/wp-json\/wp\/v2\/pages\/"}],"about":[{"href":"https:\/\/ajp-mp.com\/es\/wp-json\/wp\/v2\/types\/page\/"}],"author":[{"embeddable":true,"href":"https:\/\/ajp-mp.com\/es\/wp-json\/wp\/v2\/users\/1\/"}],"replies":[{"embeddable":true,"href":"https:\/\/ajp-mp.com\/es\/wp-json\/wp\/v2\/comments\/?post=674"}],"version-history":[{"count":3,"href":"https:\/\/ajp-mp.com\/es\/wp-json\/wp\/v2\/pages\/674\/revisions\/"}],"predecessor-version":[{"id":714,"href":"https:\/\/ajp-mp.com\/es\/wp-json\/wp\/v2\/pages\/674\/revisions\/714\/"}],"wp:attachment":[{"href":"https:\/\/ajp-mp.com\/es\/wp-json\/wp\/v2\/media\/?parent=674"}],"curies":[{"name":"wp","href":"https:\/\/api.w.org\/{rel}","templated":true}]}}