



{"id":676,"date":"2020-06-08T08:30:45","date_gmt":"2020-06-08T08:30:45","guid":{"rendered":"https:\/\/ajp-mp.com\/?page_id=676"},"modified":"2020-06-08T09:33:00","modified_gmt":"2020-06-08T09:33:00","slug":"bedingungen-und-konditionen","status":"publish","type":"page","link":"https:\/\/ajp-mp.com\/de\/bedingungen-und-konditionen\/","title":{"rendered":"Bedingungen und Konditionen"},"content":{"rendered":"<p>Der Schutz Ihrer Privatsph\u00e4re hat f\u00fcr AJP Matos Pinheiro, Lda, Priorit\u00e4t. Nachfolgend beschreiben wir, wie wir die auf unserer Website gesammelten Informationen verwenden.<\/p>\n<p>Bitte aufmerksam lesen:<\/p>\n<p>WELCHE INFORMATIONEN ERFASSEN WIR IM UNTERNEHMEN?<\/p>\n<p><strong>1) Pers\u00f6nliche Informationen<\/strong><\/p>\n<p>Die von AJP Matos Pinheiro, Lda, gesammelten pers\u00f6nlichen Daten werden von den Benutzern unserer Website immer freiwillig zur Verf\u00fcgung gestellt, beispielsweise beim Ausf\u00fcllen eines Formulars oder beim Abonnieren unseres Newsletters. Die gesammelten Informationen k\u00f6nnen je nach Situation variieren und umfassen unter anderem den Namen, die E-Mail-Adresse, die Adresse und die Telefonnummer des Benutzers.<\/p>\n<p>Andere Informationen<\/p>\n<p>AJP Matos Pinheiro, Lda, sammelt anonyme Informationen, wenn Benutzer die Website besuchen. Diese Informationen k\u00f6nnen beispielsweise den Ger\u00e4tetyp, das Betriebssystem und die Browser umfassen, die f\u00fcr den Zugriff auf die Site verwendet werden, den geografischen Standort, die Besuchsdauer und die Anzahl der besuchten Seiten. Es ist nicht m\u00f6glich, diese Elemente auf einzelne Benutzer zu beziehen.<\/p>\n<p><strong>2) WAS MACHEN WIR MIT DEN ERFASSTEN INFORMATIONEN?<\/strong><\/p>\n<p>Alle von AJP Matos Pinheiro, Lda, gesammelten Informationen sind ausschlie\u00dflich f\u00fcr Sie bestimmt. AJP Matos Pinheiro, Lda verpflichtet sich, ohne Zustimmung des Nutzers nicht an Dritte zu verkaufen, zu tauschen, zu vermieten oder zu teilen, es sei denn, dies ist durch eine gerichtliche Entscheidung erforderlich.<\/p>\n<p>Die gesammelten Informationen sind intern in einer Datenbank organisiert und k\u00f6nnen verwendet werden, um:<\/p>\n<p>-Verbessern Sie unsere Dienstleistungen und Produkte;<\/p>\n<p>-Verbessern Sie den Kundendienst.<\/p>\n<p>&#8211; regelm\u00e4\u00dfige Informationen senden, die f\u00fcr Benutzer von Interesse sein k\u00f6nnen;<\/p>\n<p>-Verbessern Sie den Inhalt unserer Website<\/p>\n<p><strong>3) COOKIES<\/strong><\/p>\n<p>Was sind Cookies?<\/p>\n<p>Cookies sind kleine Dateien, die beim Besuch unserer Website in den Browsern der Benutzer abgelegt werden. Cookies sammeln nur anonyme Informationen und erlauben keinen Zugriff auf die Computer der Benutzer oder auf pers\u00f6nliche Informationen.<\/p>\n<p>Cookies k\u00f6nnen sein:<\/p>\n<p>&#8211; Sitzungscookies &#8211; Sie sind vor\u00fcbergehend und verbleiben im Browser des Benutzers, bis er die Website verl\u00e4sst, und erm\u00f6glichen AJP Matos Pinheiro, Lda, statistische Informationen \u00fcber das Verhalten der Benutzer w\u00e4hrend des Besuchs zu erhalten.<\/p>\n<p>&#8211; Permanente Cookies &#8211; Sie werden im Browser des Benutzers gespeichert, bis sie gel\u00f6scht werden oder ihre Laufzeit abl\u00e4uft. Sie werden verwendet, wenn er die Website erneut besucht, um den Benutzer zu erkennen.<\/p>\n<p>AJP Matos Pinheiro, Lda verwendet:<\/p>\n<p><strong>&#8211; Analytische Cookies<\/strong> &#8211; Diese Cookies sammeln anonyme statistische Informationen, die AJP Matos Pinheiro, Lda helfen, zu verstehen, wie Benutzer die Website nutzen.<\/p>\n<p><strong>&#8211; Funktionscookies<\/strong> &#8211; Wir verwenden Funktionscookies, um vom Benutzer bereitgestellte Informationen zu speichern (z. B. beim Einf\u00fcgen von Daten in Formulare, um zu verhindern, dass diese jedes Mal gesendet werden m\u00fcssen, wenn der Benutzer bestimmte Aktionen ausf\u00fchren m\u00f6chte.)<\/p>\n<p><strong>&#8211; Werbe-Cookies<\/strong> &#8211; Diese werden verwendet, um die Effektivit\u00e4t unserer Werbung zu messen und um Entscheidungen dar\u00fcber zu treffen, wie sie gem\u00e4\u00df den Vorlieben und Verhaltensweisen der Benutzer optimiert werden kann.<\/p>\n<p><strong>4) LINKS ZU WEBSITES VON DRITTANBIETERN<\/strong><\/p>\n<p>Diese Website, n\u00e4mlich der Blog, kann Links zu anderen interessanten Websites enthalten. AJP Matos Pinheiro, Lda hat keine M\u00f6glichkeit zu kontrollieren, wie diese Websites die Informationen ihrer Benutzer sammeln und behandeln.<\/p>\n<p><strong>5) SICHERHEIT DER ERFASSTEN INFORMATIONEN<\/strong><\/p>\n<p>AJP Matos Pinheiro, Lda ergreift die entsprechenden Ma\u00dfnahmen zur Erfassung, Speicherung und Verarbeitung von Informationen und trifft alle technischen und organisatorischen Vorkehrungen, die als notwendig erachtet werden, um den unbefugten Zugriff auf die von unseren Benutzern bereitgestellten Informationen zu verhindern, einschlie\u00dflich Hosting auf Servern und Verschl\u00fcsselung der Kommunikation durch SSL-Technologie.<\/p>\n<p><strong>6) \u00c4NDERUNGEN DER DATENSCHUTZRICHTLINIE UND DER COOKIES<\/strong><\/p>\n<p>AJP Matos Pinheiro, Lda, beh\u00e4lt sich das Recht vor, \u00c4nderungen an unseren Datenschutz- und Cookie-Richtlinien vorzunehmen. In diesem Fall werden Benutzer m\u00f6glicherweise per E-Mail benachrichtigt, und es wird empfohlen, diese Seite zu besuchen.<\/p>\n<p><strong>7) ZUSTIMMUNG<\/strong><\/p>\n<p>Die Nutzung dieser Website impliziert die Annahme der Datenschutz- und Cookie-Richtlinien. Wenn Sie Fragen zu unserer Datenschutzrichtlinie haben, wenden Sie sich bitte per Brief oder E-Mail an AJP Matos Pinheiro, Lda.<\/p>\n<p><strong>8) IHRE RECHTE ALS INHABER PERS\u00d6NLICHER DATEN NACH DER DSGVO (Allgemeine Datenschutzverordnung)<\/strong><\/p>\n<p>Gem\u00e4\u00df den Bestimmungen der DSGVO haben Sie als Benutzer dieser Website und Inhaber personenbezogener Daten, die der Behandlung durch AJP Matos Pinheiro, Lda., Unterliegt, die folgenden Rechte, die gem\u00e4\u00df den Bestimmungen der DSGVO und anderen geltenden Gesetzen zu personenbezogenen Daten ausge\u00fcbt werden m\u00fcssen:<\/p>\n<ul>\n<li>Das Recht auf Zugang zu Ihren pers\u00f6nlichen Daten;<\/li>\n<li>Das Recht, Ihre pers\u00f6nlichen Daten zu korrigieren;<br \/>\nDas Recht, Ihre pers\u00f6nlichen Daten zu l\u00f6schen;<\/li>\n<li>Das Recht, die Verarbeitung Ihrer pers\u00f6nlichen Daten einzuschr\u00e4nken;<\/li>\n<li>Das Recht auf Portabilit\u00e4t der von Ihnen bereitgestellten personenbezogenen Daten;<\/li>\n<li>Das Recht, einer bestimmten Verarbeitung personenbezogener Daten, die Sie betreffen, zu widersprechen;<\/li>\n<\/ul>\n<p>AJP Matos Pinheiro, Lda. Wird alle Anstrengungen unternehmen, die gem\u00e4\u00df den geltenden Rechtsvorschriften als angemessen erachtet werden, um Ihre pers\u00f6nlichen Daten bereitzustellen, zu korrigieren oder zu l\u00f6schen, die von AJP Matos Pinheiro, Lda behandelt werden.<\/p>\n<p>Zur Aus\u00fcbung dieser Rechte k\u00f6nnen Sie sich als Inhaber der betreffenden personenbezogenen Daten \u00fcber die E-Mail-Adresse oder E-Mail-Adresse an AJP Matos Pinheiro, Lda, wenden.<\/p>\n<p>Wenn die Behandlung auf Ihrer Einwilligung beruht, hat der Benutzer das Recht, seine Einwilligung jederzeit zu widerrufen, ohne die Rechtm\u00e4\u00dfigkeit der Behandlung durch AJP Matos Pinheiro, Lda. Zu beeintr\u00e4chtigen. Seine pers\u00f6nlichen Daten basieren auf der zuvor erteilten Einwilligung.<\/p>\n<p>Der Nutzer hat in jedem Fall auch das Recht, eine Beschwerde bei einer Aufsichtsbeh\u00f6rde einzureichen, deren Rolle in Portugal die Nationale Datenschutzkommission mit Sitz in der Rua de S\u00e3o Bento, Nr. 148, Nr. 3, 1200, ist -821 Lissabon, Portugal.<\/p>\n<p>Im Rahmen der Nutzungsbedingungen dieser Website und aller ihrer Dienste verpflichtet sich der Benutzer, alle seine pers\u00f6nlichen Daten bereitzustellen und auf dem neuesten Stand zu halten. AJP Matos Pinheiro, Lda wiederum garantiert dem Benutzer die M\u00f6glichkeit, seine Daten zu korrigieren und zu aktualisieren, vorzugsweise mit den oben bereits erw\u00e4hnten Mitteln.<\/p>\n<p><strong>9) VERANTWORTLICHE ENTIT\u00c4T<\/strong><\/p>\n<p>AJP Matos Pinheiro, Lda<\/p>\n<p><strong>10) KONTAKTE<\/strong><\/p>\n<p><strong>E-Mail:<\/strong> geral@ajp-mp.com<\/p>\n<p><strong>Telefon:<\/strong> 255176142<\/p>\n<p><strong>Adresse:<\/strong> Rua Dr. Francisco S\u00e1 Carneiro, Nr. 69, 4600-073 Garantie<\/p>\n<p>&nbsp;<\/p>\n","protected":false},"excerpt":{"rendered":"<p>Der Schutz Ihrer Privatsph\u00e4re hat f\u00fcr AJP Matos Pinheiro, Lda, Priorit\u00e4t. Nachfolgend beschreiben wir, wie wir die auf unserer Website gesammelten Informationen verwenden. Bitte aufmerksam lesen: WELCHE INFORMATIONEN ERFASSEN WIR IM UNTERNEHMEN? 1) Pers\u00f6nliche Informationen Die von AJP Matos Pinheiro, Lda, gesammelten pers\u00f6nlichen Daten werden von den Benutzern unserer Website immer freiwillig zur Verf\u00fcgung gestellt, [&hellip;]<\/p>\n","protected":false},"author":1,"featured_media":0,"parent":0,"menu_order":36,"comment_status":"closed","ping_status":"closed","template":"","meta":{"footnotes":""},"_links":{"self":[{"href":"https:\/\/ajp-mp.com\/de\/wp-json\/wp\/v2\/pages\/676\/"}],"collection":[{"href":"https:\/\/ajp-mp.com\/de\/wp-json\/wp\/v2\/pages\/"}],"about":[{"href":"https:\/\/ajp-mp.com\/de\/wp-json\/wp\/v2\/types\/page\/"}],"author":[{"embeddable":true,"href":"https:\/\/ajp-mp.com\/de\/wp-json\/wp\/v2\/users\/1\/"}],"replies":[{"embeddable":true,"href":"https:\/\/ajp-mp.com\/de\/wp-json\/wp\/v2\/comments\/?post=676"}],"version-history":[{"count":4,"href":"https:\/\/ajp-mp.com\/de\/wp-json\/wp\/v2\/pages\/676\/revisions\/"}],"predecessor-version":[{"id":707,"href":"https:\/\/ajp-mp.com\/de\/wp-json\/wp\/v2\/pages\/676\/revisions\/707\/"}],"wp:attachment":[{"href":"https:\/\/ajp-mp.com\/de\/wp-json\/wp\/v2\/media\/?parent=676"}],"curies":[{"name":"wp","href":"https:\/\/api.w.org\/{rel}","templated":true}]}}